{"id":34,"date":"2026-05-11T08:15:46","date_gmt":"2026-05-11T08:15:46","guid":{"rendered":"https:\/\/www.hfmvintage.fr\/?page_id=34"},"modified":"2026-05-11T12:51:18","modified_gmt":"2026-05-11T12:51:18","slug":"services","status":"publish","type":"page","link":"https:\/\/www.hfmvintage.fr\/en\/services\/","title":{"rendered":"Services"},"content":{"rendered":"<div data-elementor-type=\"wp-page\" data-elementor-id=\"34\" class=\"elementor elementor-34\">\n\t\t\t\t<div class=\"elementor-element elementor-element-37e4984 e-flex e-con-boxed e-con e-parent\" data-id=\"37e4984\" data-element_type=\"container\" data-e-type=\"container\">\n\t\t\t\t\t<div class=\"e-con-inner\">\n\t\t\t\t<div class=\"elementor-element elementor-element-f9318bd elementor-widget elementor-widget-heading\" data-id=\"f9318bd\" data-element_type=\"widget\" data-e-type=\"widget\" data-widget_type=\"heading.default\">\n\t\t\t\t\t<h2 class=\"elementor-heading-title elementor-size-default\">Achat<\/h2>\t\t\t\t<\/div>\n\t\t\t\t\t<\/div>\n\t\t\t\t<\/div>\n\t\t<div class=\"elementor-element elementor-element-02c69a0 e-flex e-con-boxed e-con e-parent\" data-id=\"02c69a0\" data-element_type=\"container\" data-e-type=\"container\">\n\t\t\t\t\t<div class=\"e-con-inner\">\n\t\t\t\t<div class=\"elementor-element elementor-element-bd74fd8 elementor-widget__width-initial elementor-widget elementor-widget-text-editor\" data-id=\"bd74fd8\" data-element_type=\"widget\" data-e-type=\"widget\" data-widget_type=\"text-editor.default\">\n\t\t\t\t\t\t\t\t\t<p>HFM Vintage vous accompagne avec :<\/p><ul><li>Une <strong>estimation juste et transparente<\/strong>,\u00a0<\/li><li>Une reprise simple et rapide,<\/li><li>Une valorisation du mat\u00e9riel.<\/li><\/ul><p>Nous recherchons constamment <strong>des pi\u00e8ces rares et de qualit\u00e9<\/strong> pour enrichir notre s\u00e9lection.<\/p>\t\t\t\t\t\t\t\t<\/div>\n\t\t\t\t\t<\/div>\n\t\t\t\t<\/div>\n\t\t<div class=\"elementor-element elementor-element-a951f2d e-flex e-con-boxed e-con e-parent\" data-id=\"a951f2d\" data-element_type=\"container\" data-e-type=\"container\">\n\t\t\t\t\t<div class=\"e-con-inner\">\n\t\t\t\t<div class=\"elementor-element elementor-element-48455d2 elementor-widget elementor-widget-button\" data-id=\"48455d2\" data-element_type=\"widget\" data-e-type=\"widget\" data-widget_type=\"button.default\">\n\t\t\t\t\t\t\t\t\t\t<a class=\"elementor-button elementor-button-link elementor-size-sm\" href=\"https:\/\/www.hfmvintage.fr\/en\/contacts\/\">\n\t\t\t\t\t\t<span class=\"elementor-button-content-wrapper\">\n\t\t\t\t\t\t\t\t\t<span class=\"elementor-button-text\">Contactez nous<\/span>\n\t\t\t\t\t<\/span>\n\t\t\t\t\t<\/a>\n\t\t\t\t\t\t\t\t<\/div>\n\t\t\t\t\t<\/div>\n\t\t\t\t<\/div>\n\t\t<div class=\"elementor-element elementor-element-8fd9144 e-flex e-con-boxed e-con e-parent\" data-id=\"8fd9144\" data-element_type=\"container\" data-e-type=\"container\">\n\t\t\t\t\t<div class=\"e-con-inner\">\n\t\t\t\t<div class=\"elementor-element elementor-element-99c9246 elementor-widget elementor-widget-heading\" data-id=\"99c9246\" data-element_type=\"widget\" data-e-type=\"widget\" data-widget_type=\"heading.default\">\n\t\t\t\t\t<h2 class=\"elementor-heading-title elementor-size-default\">Vente<\/h2>\t\t\t\t<\/div>\n\t\t\t\t\t<\/div>\n\t\t\t\t<\/div>\n\t\t<div class=\"elementor-element elementor-element-035d0a1 e-flex e-con-boxed e-con e-parent\" data-id=\"035d0a1\" data-element_type=\"container\" data-e-type=\"container\">\n\t\t\t\t\t<div class=\"e-con-inner\">\n\t\t\t\t<div class=\"elementor-element elementor-element-30e7cc3 elementor-widget elementor-widget-text-editor\" data-id=\"30e7cc3\" data-element_type=\"widget\" data-e-type=\"widget\" data-widget_type=\"text-editor.default\">\n\t\t\t\t\t\t\t\t\t<p>Nous proposons une s\u00e9lection rigoureuse de mat\u00e9riels Hi-Fi vintage :\u00a0<\/p><ul><li>Appareils test\u00e9s et contr\u00f4l\u00e9s,\u00a0<\/li><li>Produits fiables et performants,\u00a0<\/li><li>Conseils personnalis\u00e9s.<\/li><\/ul><p>Chaque produit est choisi pour <strong>offrir une exp\u00e9rience sonore exceptionnelle<\/strong>.<\/p>\t\t\t\t\t\t\t\t<\/div>\n\t\t\t\t\t<\/div>\n\t\t\t\t<\/div>\n\t\t<div class=\"elementor-element elementor-element-a09b2fc e-flex e-con-boxed e-con e-parent\" data-id=\"a09b2fc\" data-element_type=\"container\" data-e-type=\"container\">\n\t\t\t\t\t<div class=\"e-con-inner\">\n\t\t\t\t<div class=\"elementor-element elementor-element-40b3c65 elementor-widget elementor-widget-button\" data-id=\"40b3c65\" data-element_type=\"widget\" data-e-type=\"widget\" data-widget_type=\"button.default\">\n\t\t\t\t\t\t\t\t\t\t<a class=\"elementor-button elementor-button-link elementor-size-sm\" href=\"https:\/\/www.hfmvintage.fr\/en\/sample-page\/\">\n\t\t\t\t\t\t<span class=\"elementor-button-content-wrapper\">\n\t\t\t\t\t\t\t\t\t<span class=\"elementor-button-text\">D\u00e9couvrez nos produits<\/span>\n\t\t\t\t\t<\/span>\n\t\t\t\t\t<\/a>\n\t\t\t\t\t\t\t\t<\/div>\n\t\t\t\t\t<\/div>\n\t\t\t\t<\/div>\n\t\t<div class=\"elementor-element elementor-element-84a9e95 e-flex e-con-boxed e-con e-parent\" data-id=\"84a9e95\" data-element_type=\"container\" data-e-type=\"container\">\n\t\t\t\t\t<div class=\"e-con-inner\">\n\t\t\t\t<div class=\"elementor-element elementor-element-014ce22 elementor-widget elementor-widget-heading\" data-id=\"014ce22\" data-element_type=\"widget\" data-e-type=\"widget\" data-widget_type=\"heading.default\">\n\t\t\t\t\t<h2 class=\"elementor-heading-title elementor-size-default\">R\u00e9paration &amp; Restauration sur devis<\/h2>\t\t\t\t<\/div>\n\t\t\t\t\t<\/div>\n\t\t\t\t<\/div>\n\t\t<div class=\"elementor-element elementor-element-2880976 e-flex e-con-boxed e-con e-parent\" data-id=\"2880976\" data-element_type=\"container\" data-e-type=\"container\">\n\t\t\t\t\t<div class=\"e-con-inner\">\n\t\t\t\t<div class=\"elementor-element elementor-element-a2e0152 elementor-widget elementor-widget-text-editor\" data-id=\"a2e0152\" data-element_type=\"widget\" data-e-type=\"widget\" data-widget_type=\"text-editor.default\">\n\t\t\t\t\t\t\t\t\t<p>Nous redonnons vie \u00e0 vos appareils :\u00a0<\/p><ul><li>Diagnostic complet,\u00a0<\/li><li>R\u00e9paration \u00e9lectronique,<\/li><li>Restauration esth\u00e9tique et technique,\u00a0<\/li><li>Optimisation des performances.<\/li><\/ul><p>Notre objectif : pr\u00e9server votre mat\u00e9riel tout en lui offrant une <strong>seconde vie durable.<br \/><\/strong><strong>Prestation sur devis.<\/strong><\/p>\t\t\t\t\t\t\t\t<\/div>\n\t\t\t\t\t<\/div>\n\t\t\t\t<\/div>\n\t\t<div class=\"elementor-element elementor-element-5ffe071 e-flex e-con-boxed e-con e-parent\" data-id=\"5ffe071\" data-element_type=\"container\" data-e-type=\"container\">\n\t\t\t\t\t<div class=\"e-con-inner\">\n\t\t\t\t<div class=\"elementor-element elementor-element-a8a3fa9 elementor-widget elementor-widget-button\" data-id=\"a8a3fa9\" data-element_type=\"widget\" data-e-type=\"widget\" data-widget_type=\"button.default\">\n\t\t\t\t\t\t\t\t\t\t<a class=\"elementor-button elementor-button-link elementor-size-sm\" href=\"https:\/\/www.hfmvintage.fr\/en\/contacts\/\">\n\t\t\t\t\t\t<span class=\"elementor-button-content-wrapper\">\n\t\t\t\t\t\t\t\t\t<span class=\"elementor-button-text\">Demandez un devis<\/span>\n\t\t\t\t\t<\/span>\n\t\t\t\t\t<\/a>\n\t\t\t\t\t\t\t\t<\/div>\n\t\t\t\t\t<\/div>\n\t\t\t\t<\/div>\n\t\t\t\t<\/div>","protected":false},"excerpt":{"rendered":"<p>Achat HFM Vintage vous accompagne avec : Une estimation juste et transparente,\u00a0 Une reprise simple et rapide, Une valorisation du [&hellip;]<\/p>\n","protected":false},"author":1,"featured_media":0,"parent":0,"menu_order":0,"comment_status":"closed","ping_status":"closed","template":"","meta":{"site-sidebar-layout":"default","site-content-layout":"","ast-site-content-layout":"default","site-content-style":"default","site-sidebar-style":"default","ast-global-header-display":"","ast-banner-title-visibility":"","ast-main-header-display":"","ast-hfb-above-header-display":"","ast-hfb-below-header-display":"","ast-hfb-mobile-header-display":"","site-post-title":"","ast-breadcrumbs-content":"","ast-featured-img":"","footer-sml-layout":"","ast-disable-related-posts":"","theme-transparent-header-meta":"","adv-header-id-meta":"","stick-header-meta":"","header-above-stick-meta":"","header-main-stick-meta":"","header-below-stick-meta":"","astra-migrate-meta-layouts":"default","ast-page-background-enabled":"default","ast-page-background-meta":{"desktop":{"background-color":"var(--ast-global-color-5)","background-image":"","background-repeat":"repeat","background-position":"center center","background-size":"auto","background-attachment":"scroll","background-type":"","background-media":"","overlay-type":"","overlay-color":"","overlay-opacity":"","overlay-gradient":""},"tablet":{"background-color":"","background-image":"","background-repeat":"repeat","background-position":"center center","background-size":"auto","background-attachment":"scroll","background-type":"","background-media":"","overlay-type":"","overlay-color":"","overlay-opacity":"","overlay-gradient":""},"mobile":{"background-color":"","background-image":"","background-repeat":"repeat","background-position":"center center","background-size":"auto","background-attachment":"scroll","background-type":"","background-media":"","overlay-type":"","overlay-color":"","overlay-opacity":"","overlay-gradient":""}},"ast-content-background-meta":{"desktop":{"background-color":"var(--ast-global-color-4)","background-image":"","background-repeat":"repeat","background-position":"center center","background-size":"auto","background-attachment":"scroll","background-type":"","background-media":"","overlay-type":"","overlay-color":"","overlay-opacity":"","overlay-gradient":""},"tablet":{"background-color":"var(--ast-global-color-4)","background-image":"","background-repeat":"repeat","background-position":"center center","background-size":"auto","background-attachment":"scroll","background-type":"","background-media":"","overlay-type":"","overlay-color":"","overlay-opacity":"","overlay-gradient":""},"mobile":{"background-color":"var(--ast-global-color-4)","background-image":"","background-repeat":"repeat","background-position":"center center","background-size":"auto","background-attachment":"scroll","background-type":"","background-media":"","overlay-type":"","overlay-color":"","overlay-opacity":"","overlay-gradient":""}},"footnotes":""},"class_list":["post-34","page","type-page","status-publish","hentry"],"yoast_head":"<!-- This site is optimized with the Yoast SEO plugin v27.5 - https:\/\/yoast.com\/product\/yoast-seo-wordpress\/ -->\n<title>Services - HFM Vintage<\/title>\n<meta name=\"robots\" content=\"index, follow, max-snippet:-1, max-image-preview:large, max-video-preview:-1\" \/>\n<link rel=\"canonical\" href=\"https:\/\/www.hfmvintage.fr\/en\/services\/\" \/>\n<meta property=\"og:locale\" content=\"en_GB\" \/>\n<meta property=\"og:type\" content=\"article\" \/>\n<meta property=\"og:title\" content=\"Services - HFM Vintage\" \/>\n<meta property=\"og:description\" content=\"Achat HFM Vintage vous accompagne avec : Une estimation juste et transparente,\u00a0 Une reprise simple et rapide, Une valorisation du [&hellip;]\" \/>\n<meta property=\"og:url\" content=\"https:\/\/www.hfmvintage.fr\/en\/services\/\" \/>\n<meta property=\"og:site_name\" content=\"HFM Vintage\" \/>\n<meta property=\"article:modified_time\" content=\"2026-05-11T12:51:18+00:00\" \/>\n<meta property=\"og:image\" content=\"https:\/\/www.hfmvintage.fr\/wp-content\/uploads\/2026\/05\/Logo-HFM.png\" \/>\n\t<meta property=\"og:image:width\" content=\"490\" \/>\n\t<meta property=\"og:image:height\" content=\"550\" \/>\n\t<meta property=\"og:image:type\" content=\"image\/png\" \/>\n<meta name=\"twitter:card\" content=\"summary_large_image\" \/>\n<meta name=\"twitter:label1\" content=\"Estimated reading time\" \/>\n\t<meta name=\"twitter:data1\" content=\"1 minute\" \/>\n<script type=\"application\/ld+json\" class=\"yoast-schema-graph\">{\"@context\":\"https:\\\/\\\/schema.org\",\"@graph\":[{\"@type\":\"WebPage\",\"@id\":\"https:\\\/\\\/www.hfmvintage.fr\\\/services\\\/\",\"url\":\"https:\\\/\\\/www.hfmvintage.fr\\\/services\\\/\",\"name\":\"Services - HFM Vintage\",\"isPartOf\":{\"@id\":\"https:\\\/\\\/www.hfmvintage.fr\\\/#website\"},\"datePublished\":\"2026-05-11T08:15:46+00:00\",\"dateModified\":\"2026-05-11T12:51:18+00:00\",\"breadcrumb\":{\"@id\":\"https:\\\/\\\/www.hfmvintage.fr\\\/services\\\/#breadcrumb\"},\"inLanguage\":\"en-GB\",\"potentialAction\":[{\"@type\":\"ReadAction\",\"target\":[\"https:\\\/\\\/www.hfmvintage.fr\\\/services\\\/\"]}]},{\"@type\":\"BreadcrumbList\",\"@id\":\"https:\\\/\\\/www.hfmvintage.fr\\\/services\\\/#breadcrumb\",\"itemListElement\":[{\"@type\":\"ListItem\",\"position\":1,\"name\":\"Accueil\",\"item\":\"https:\\\/\\\/www.hfmvintage.fr\\\/\"},{\"@type\":\"ListItem\",\"position\":2,\"name\":\"Services\"}]},{\"@type\":\"WebSite\",\"@id\":\"https:\\\/\\\/www.hfmvintage.fr\\\/#website\",\"url\":\"https:\\\/\\\/www.hfmvintage.fr\\\/\",\"name\":\"HFM Vintage\",\"description\":\"Achat, vente et r\u00e9paration de mat\u00e9riels audio et HiFi vintage\",\"publisher\":{\"@id\":\"https:\\\/\\\/www.hfmvintage.fr\\\/#organization\"},\"potentialAction\":[{\"@type\":\"SearchAction\",\"target\":{\"@type\":\"EntryPoint\",\"urlTemplate\":\"https:\\\/\\\/www.hfmvintage.fr\\\/?s={search_term_string}\"},\"query-input\":{\"@type\":\"PropertyValueSpecification\",\"valueRequired\":true,\"valueName\":\"search_term_string\"}}],\"inLanguage\":\"en-GB\"},{\"@type\":\"Organization\",\"@id\":\"https:\\\/\\\/www.hfmvintage.fr\\\/#organization\",\"name\":\"HFM Vintage\",\"alternateName\":\"HFM Vintage\",\"url\":\"https:\\\/\\\/www.hfmvintage.fr\\\/\",\"logo\":{\"@type\":\"ImageObject\",\"inLanguage\":\"en-GB\",\"@id\":\"https:\\\/\\\/www.hfmvintage.fr\\\/#\\\/schema\\\/logo\\\/image\\\/\",\"url\":\"https:\\\/\\\/www.hfmvintage.fr\\\/wp-content\\\/uploads\\\/2026\\\/05\\\/Logo-HFM.png\",\"contentUrl\":\"https:\\\/\\\/www.hfmvintage.fr\\\/wp-content\\\/uploads\\\/2026\\\/05\\\/Logo-HFM.png\",\"width\":490,\"height\":550,\"caption\":\"HFM Vintage\"},\"image\":{\"@id\":\"https:\\\/\\\/www.hfmvintage.fr\\\/#\\\/schema\\\/logo\\\/image\\\/\"},\"sameAs\":[\"https:\\\/\\\/www.instagram.com\\\/hfm_vintage?igsh=djRocWlj0DN6eHd6\"]}]}<\/script>\n<!-- \/ Yoast SEO plugin. -->","yoast_head_json":{"title":"Services - HFM Vintage","robots":{"index":"index","follow":"follow","max-snippet":"max-snippet:-1","max-image-preview":"max-image-preview:large","max-video-preview":"max-video-preview:-1"},"canonical":"https:\/\/www.hfmvintage.fr\/en\/services\/","og_locale":"en_GB","og_type":"article","og_title":"Services - HFM Vintage","og_description":"Achat HFM Vintage vous accompagne avec : Une estimation juste et transparente,\u00a0 Une reprise simple et rapide, Une valorisation du [&hellip;]","og_url":"https:\/\/www.hfmvintage.fr\/en\/services\/","og_site_name":"HFM Vintage","article_modified_time":"2026-05-11T12:51:18+00:00","og_image":[{"width":490,"height":550,"url":"https:\/\/www.hfmvintage.fr\/wp-content\/uploads\/2026\/05\/Logo-HFM.png","type":"image\/png"}],"twitter_card":"summary_large_image","twitter_misc":{"Estimated reading time":"1 minute"},"schema":{"@context":"https:\/\/schema.org","@graph":[{"@type":"WebPage","@id":"https:\/\/www.hfmvintage.fr\/services\/","url":"https:\/\/www.hfmvintage.fr\/services\/","name":"Services - HFM Vintage","isPartOf":{"@id":"https:\/\/www.hfmvintage.fr\/#website"},"datePublished":"2026-05-11T08:15:46+00:00","dateModified":"2026-05-11T12:51:18+00:00","breadcrumb":{"@id":"https:\/\/www.hfmvintage.fr\/services\/#breadcrumb"},"inLanguage":"en-GB","potentialAction":[{"@type":"ReadAction","target":["https:\/\/www.hfmvintage.fr\/services\/"]}]},{"@type":"BreadcrumbList","@id":"https:\/\/www.hfmvintage.fr\/services\/#breadcrumb","itemListElement":[{"@type":"ListItem","position":1,"name":"Accueil","item":"https:\/\/www.hfmvintage.fr\/"},{"@type":"ListItem","position":2,"name":"Services"}]},{"@type":"WebSite","@id":"https:\/\/www.hfmvintage.fr\/#website","url":"https:\/\/www.hfmvintage.fr\/","name":"HFM Vintage","description":"Achat, vente et r\u00e9paration de mat\u00e9riels audio et HiFi vintage","publisher":{"@id":"https:\/\/www.hfmvintage.fr\/#organization"},"potentialAction":[{"@type":"SearchAction","target":{"@type":"EntryPoint","urlTemplate":"https:\/\/www.hfmvintage.fr\/?s={search_term_string}"},"query-input":{"@type":"PropertyValueSpecification","valueRequired":true,"valueName":"search_term_string"}}],"inLanguage":"en-GB"},{"@type":"Organization","@id":"https:\/\/www.hfmvintage.fr\/#organization","name":"HFM Vintage","alternateName":"HFM Vintage","url":"https:\/\/www.hfmvintage.fr\/","logo":{"@type":"ImageObject","inLanguage":"en-GB","@id":"https:\/\/www.hfmvintage.fr\/#\/schema\/logo\/image\/","url":"https:\/\/www.hfmvintage.fr\/wp-content\/uploads\/2026\/05\/Logo-HFM.png","contentUrl":"https:\/\/www.hfmvintage.fr\/wp-content\/uploads\/2026\/05\/Logo-HFM.png","width":490,"height":550,"caption":"HFM Vintage"},"image":{"@id":"https:\/\/www.hfmvintage.fr\/#\/schema\/logo\/image\/"},"sameAs":["https:\/\/www.instagram.com\/hfm_vintage?igsh=djRocWlj0DN6eHd6"]}]}},"_links":{"self":[{"href":"https:\/\/www.hfmvintage.fr\/en\/wp-json\/wp\/v2\/pages\/34","targetHints":{"allow":["GET"]}}],"collection":[{"href":"https:\/\/www.hfmvintage.fr\/en\/wp-json\/wp\/v2\/pages"}],"about":[{"href":"https:\/\/www.hfmvintage.fr\/en\/wp-json\/wp\/v2\/types\/page"}],"author":[{"embeddable":true,"href":"https:\/\/www.hfmvintage.fr\/en\/wp-json\/wp\/v2\/users\/1"}],"replies":[{"embeddable":true,"href":"https:\/\/www.hfmvintage.fr\/en\/wp-json\/wp\/v2\/comments?post=34"}],"version-history":[{"count":38,"href":"https:\/\/www.hfmvintage.fr\/en\/wp-json\/wp\/v2\/pages\/34\/revisions"}],"predecessor-version":[{"id":185,"href":"https:\/\/www.hfmvintage.fr\/en\/wp-json\/wp\/v2\/pages\/34\/revisions\/185"}],"wp:attachment":[{"href":"https:\/\/www.hfmvintage.fr\/en\/wp-json\/wp\/v2\/media?parent=34"}],"curies":[{"name":"wp","href":"https:\/\/api.w.org\/{rel}","templated":true}]}}