{"id":153,"date":"2026-05-11T10:30:30","date_gmt":"2026-05-11T10:30:30","guid":{"rendered":"https:\/\/www.hfmvintage.fr\/?page_id=153"},"modified":"2026-05-11T10:32:36","modified_gmt":"2026-05-11T10:32:36","slug":"contacts","status":"publish","type":"page","link":"https:\/\/www.hfmvintage.fr\/en\/contacts\/","title":{"rendered":"Contacts"},"content":{"rendered":"\t\t<div data-elementor-type=\"wp-page\" data-elementor-id=\"153\" class=\"elementor elementor-153\">\n\t\t\t\t<div class=\"elementor-element elementor-element-7d1c9068 e-flex e-con-boxed e-con e-parent\" data-id=\"7d1c9068\" data-element_type=\"container\" data-e-type=\"container\">\n\t\t\t\t\t<div class=\"e-con-inner\">\n\t\t\t\t<div class=\"elementor-element elementor-element-1abc6738 elementor-widget elementor-widget-text-editor\" data-id=\"1abc6738\" data-element_type=\"widget\" data-e-type=\"widget\" data-widget_type=\"text-editor.default\">\n\t\t\t\t\t\t\t\t\t\n<p>Une question, un projet, une demande d&rsquo;estimation ou de r\u00e9paration ? <br \/>HFM Vintage est \u00e0 votre \u00e9coute pour vous accompagner dans votre d\u00e9marche, que ce soit pour l&rsquo;achat, la vente ou la r\u00e9paration.<br \/>Nous nous engageons \u00e0 vous r\u00e9pondre dans les plus bref d\u00e9lais avec des conseils clairs, personnalis\u00e9s et adapt\u00e9s \u00e0 vos besoins.<\/p>\n\n<p>Remplissez simplement le formulaire ci-dessous :<\/p>\n\n<pre class=\"wp-block-code\"><code>\t<style id=\"wpforms-css-vars-143\">\n\t\t\t\t#wpforms-143 {\n\t\t\t\t--wpforms-container-padding: 0px;\n--wpforms-container-border-width: 1px;\n--wpforms-container-border-radius: 3px;\n--wpforms-background-color: rgba(0, 0, 0, 0);\n--wpforms-field-size-input-height: 43px;\n--wpforms-field-size-input-spacing: 15px;\n--wpforms-field-size-font-size: 16px;\n--wpforms-field-size-line-height: 19px;\n--wpforms-field-size-padding-h: 14px;\n--wpforms-field-size-checkbox-size: 16px;\n--wpforms-field-size-sublabel-spacing: 5px;\n--wpforms-field-size-icon-size: 1;\n--wpforms-label-size-font-size: 16px;\n--wpforms-label-size-line-height: 19px;\n--wpforms-label-size-sublabel-font-size: 14px;\n--wpforms-label-size-sublabel-line-height: 17px;\n--wpforms-button-size-font-size: 17px;\n--wpforms-button-size-height: 41px;\n--wpforms-button-size-padding-h: 15px;\n--wpforms-button-size-margin-top: 10px;\n--wpforms-container-shadow-size-box-shadow: none;\n\t\t\t}\n\t\t\t<\/style><div class=\"wpforms-container wpforms-container-full wpforms-render-modern\" id=\"wpforms-143\"><form id=\"wpforms-form-143\" class=\"wpforms-validate wpforms-form wpforms-ajax-form\" data-formid=\"143\" method=\"post\" enctype=\"multipart\/form-data\" action=\"\/en\/wp-json\/wp\/v2\/pages\/153\" data-token=\"eeb536cd6637e561454fb3c176997f6d\" data-token-time=\"1778520083\"><noscript class=\"wpforms-error-noscript\">Please enable JavaScript in your browser to complete this form.<\/noscript><div id=\"wpforms-error-noscript\" style=\"display: none;\">Please enable JavaScript in your browser to complete this form.<\/div><div class=\"wpforms-field-container\"><div id=\"wpforms-143-field_1-container\" class=\"wpforms-field wpforms-field-name\" data-field-id=\"1\"><fieldset><legend class=\"wpforms-field-label\">Nom <span class=\"wpforms-required-label\" aria-hidden=\"true\">*<\/span><\/legend><div class=\"wpforms-field-row wpforms-field-medium\"><div class=\"wpforms-field-row-block wpforms-first wpforms-one-half\"><input type=\"text\" id=\"wpforms-143-field_1\" class=\"wpforms-field-name-first wpforms-field-required\" name=\"wpforms[fields][1][first]\" aria-errormessage=\"wpforms-143-field_1-error\" required><label for=\"wpforms-143-field_1\" class=\"wpforms-field-sublabel after\">First<\/label><\/div><div class=\"wpforms-field-row-block wpforms-one-half\"><input type=\"text\" id=\"wpforms-143-field_1-last\" class=\"wpforms-field-name-last wpforms-field-required\" name=\"wpforms[fields][1][last]\" aria-errormessage=\"wpforms-143-field_1-last-error\" required><label for=\"wpforms-143-field_1-last\" class=\"wpforms-field-sublabel after\">Last<\/label><\/div><\/div><\/fieldset><\/div>\t\t<div id=\"wpforms-143-field_4-container\"\n\t\t\tclass=\"wpforms-field wpforms-field-text\"\n\t\t\tdata-field-type=\"text\"\n\t\t\tdata-field-id=\"4\"\n\t\t\t>\n\t\t\t<label class=\"wpforms-field-label\" for=\"wpforms-143-field_4\" >E-mail message Commentaire<\/label>\n\t\t\t<input type=\"text\" id=\"wpforms-143-field_4\" class=\"wpforms-field-medium\" name=\"wpforms[fields][4]\" >\n\t\t<\/div>\n\t\t<div id=\"wpforms-143-field_2-container\" class=\"wpforms-field wpforms-field-email\" data-field-id=\"2\"><label class=\"wpforms-field-label\" for=\"wpforms-143-field_2\">E-mail <span class=\"wpforms-required-label\" aria-hidden=\"true\">*<\/span><\/label><input type=\"email\" id=\"wpforms-143-field_2\" class=\"wpforms-field-medium wpforms-field-required\" name=\"wpforms[fields][2]\" spellcheck=\"false\" aria-errormessage=\"wpforms-143-field_2-error\" required><\/div><div id=\"wpforms-143-field_3-container\" class=\"wpforms-field wpforms-field-textarea\" data-field-id=\"3\"><label class=\"wpforms-field-label\" for=\"wpforms-143-field_3\">Commentaire ou message<\/label><textarea id=\"wpforms-143-field_3\" class=\"wpforms-field-medium\" name=\"wpforms[fields][3]\" aria-errormessage=\"wpforms-143-field_3-error\" ><\/textarea><\/div><script>\n\t\t\t\t( function() {\n\t\t\t\t\tconst style = document.createElement( 'style' );\n\t\t\t\t\tstyle.appendChild( document.createTextNode( '#wpforms-143-field_4-container { position: absolute !important; overflow: hidden !important; display: inline !important; height: 1px !important; width: 1px !important; z-index: -1000 !important; padding: 0 !important; } #wpforms-143-field_4-container input { visibility: hidden; } #wpforms-conversational-form-page #wpforms-143-field_4-container label { counter-increment: none; }' ) );\n\t\t\t\t\tdocument.head.appendChild( style );\n\t\t\t\t\tdocument.currentScript?.remove();\n\t\t\t\t} )();\n\t\t\t<\/script><\/div><!-- .wpforms-field-container --><div class=\"wpforms-submit-container\" ><input type=\"hidden\" name=\"wpforms[id]\" value=\"143\"><input type=\"hidden\" name=\"page_title\" value=\"\"><input type=\"hidden\" name=\"page_url\" value=\"https:\/\/www.hfmvintage.fr\/en\/wp-json\/wp\/v2\/pages\/153\"><input type=\"hidden\" name=\"url_referer\" value=\"\"><button type=\"submit\" name=\"wpforms[submit]\" id=\"wpforms-submit-143\" class=\"wpforms-submit\" data-alt-text=\"Envoi...\" data-submit-text=\"Envoyer\" aria-live=\"assertive\" value=\"wpforms-submit\">Envoyer<\/button><img decoding=\"async\" src=\"https:\/\/www.hfmvintage.fr\/wp-content\/plugins\/wpforms-lite\/assets\/images\/submit-spin.svg\" class=\"wpforms-submit-spinner\" style=\"display: none;\" width=\"26\" height=\"26\" alt=\"Loading\"><\/div><\/form><\/div>  <!-- .wpforms-container --><\/code><\/pre>\n\n<p>\u00a0<\/p>\n\t\t\t\t\t\t\t\t<\/div>\n\t\t\t\t\t<\/div>\n\t\t\t\t<\/div>\n\t\t\t\t<\/div>\n\t\t","protected":false},"excerpt":{"rendered":"<p>Une question, un projet, une demande d&rsquo;estimation ou de r\u00e9paration ? HFM Vintage est \u00e0 votre \u00e9coute pour vous accompagner [&hellip;]<\/p>\n","protected":false},"author":1,"featured_media":0,"parent":0,"menu_order":0,"comment_status":"closed","ping_status":"closed","template":"","meta":{"site-sidebar-layout":"default","site-content-layout":"","ast-site-content-layout":"default","site-content-style":"default","site-sidebar-style":"default","ast-global-header-display":"","ast-banner-title-visibility":"","ast-main-header-display":"","ast-hfb-above-header-display":"","ast-hfb-below-header-display":"","ast-hfb-mobile-header-display":"","site-post-title":"","ast-breadcrumbs-content":"","ast-featured-img":"","footer-sml-layout":"","ast-disable-related-posts":"","theme-transparent-header-meta":"","adv-header-id-meta":"","stick-header-meta":"","header-above-stick-meta":"","header-main-stick-meta":"","header-below-stick-meta":"","astra-migrate-meta-layouts":"default","ast-page-background-enabled":"default","ast-page-background-meta":{"desktop":{"background-color":"var(--ast-global-color-5)","background-image":"","background-repeat":"repeat","background-position":"center center","background-size":"auto","background-attachment":"scroll","background-type":"","background-media":"","overlay-type":"","overlay-color":"","overlay-opacity":"","overlay-gradient":""},"tablet":{"background-color":"","background-image":"","background-repeat":"repeat","background-position":"center center","background-size":"auto","background-attachment":"scroll","background-type":"","background-media":"","overlay-type":"","overlay-color":"","overlay-opacity":"","overlay-gradient":""},"mobile":{"background-color":"","background-image":"","background-repeat":"repeat","background-position":"center center","background-size":"auto","background-attachment":"scroll","background-type":"","background-media":"","overlay-type":"","overlay-color":"","overlay-opacity":"","overlay-gradient":""}},"ast-content-background-meta":{"desktop":{"background-color":"var(--ast-global-color-4)","background-image":"","background-repeat":"repeat","background-position":"center center","background-size":"auto","background-attachment":"scroll","background-type":"","background-media":"","overlay-type":"","overlay-color":"","overlay-opacity":"","overlay-gradient":""},"tablet":{"background-color":"var(--ast-global-color-4)","background-image":"","background-repeat":"repeat","background-position":"center center","background-size":"auto","background-attachment":"scroll","background-type":"","background-media":"","overlay-type":"","overlay-color":"","overlay-opacity":"","overlay-gradient":""},"mobile":{"background-color":"var(--ast-global-color-4)","background-image":"","background-repeat":"repeat","background-position":"center center","background-size":"auto","background-attachment":"scroll","background-type":"","background-media":"","overlay-type":"","overlay-color":"","overlay-opacity":"","overlay-gradient":""}},"footnotes":""},"class_list":["post-153","page","type-page","status-publish","hentry"],"yoast_head":"<!-- This site is optimized with the Yoast SEO plugin v27.5 - https:\/\/yoast.com\/product\/yoast-seo-wordpress\/ -->\n<title>Contacts - HFM Vintage<\/title>\n<meta name=\"robots\" content=\"index, follow, max-snippet:-1, max-image-preview:large, max-video-preview:-1\" \/>\n<link rel=\"canonical\" href=\"https:\/\/www.hfmvintage.fr\/en\/contacts\/\" \/>\n<meta property=\"og:locale\" content=\"en_GB\" \/>\n<meta property=\"og:type\" content=\"article\" \/>\n<meta property=\"og:title\" content=\"Contacts - HFM Vintage\" \/>\n<meta property=\"og:description\" content=\"Une question, un projet, une demande d&rsquo;estimation ou de r\u00e9paration ? HFM Vintage est \u00e0 votre \u00e9coute pour vous accompagner [&hellip;]\" \/>\n<meta property=\"og:url\" content=\"https:\/\/www.hfmvintage.fr\/en\/contacts\/\" \/>\n<meta property=\"og:site_name\" content=\"HFM Vintage\" \/>\n<meta property=\"article:modified_time\" content=\"2026-05-11T10:32:36+00:00\" \/>\n<meta property=\"og:image\" content=\"https:\/\/www.hfmvintage.fr\/wp-content\/uploads\/2026\/05\/Logo-HFM.png\" \/>\n\t<meta property=\"og:image:width\" content=\"490\" \/>\n\t<meta property=\"og:image:height\" content=\"550\" \/>\n\t<meta property=\"og:image:type\" content=\"image\/png\" \/>\n<meta name=\"twitter:card\" content=\"summary_large_image\" \/>\n<script type=\"application\/ld+json\" class=\"yoast-schema-graph\">{\"@context\":\"https:\\\/\\\/schema.org\",\"@graph\":[{\"@type\":\"WebPage\",\"@id\":\"https:\\\/\\\/www.hfmvintage.fr\\\/contacts\\\/\",\"url\":\"https:\\\/\\\/www.hfmvintage.fr\\\/contacts\\\/\",\"name\":\"Contacts - HFM Vintage\",\"isPartOf\":{\"@id\":\"https:\\\/\\\/www.hfmvintage.fr\\\/#website\"},\"datePublished\":\"2026-05-11T10:30:30+00:00\",\"dateModified\":\"2026-05-11T10:32:36+00:00\",\"breadcrumb\":{\"@id\":\"https:\\\/\\\/www.hfmvintage.fr\\\/contacts\\\/#breadcrumb\"},\"inLanguage\":\"en-GB\",\"potentialAction\":[{\"@type\":\"ReadAction\",\"target\":[\"https:\\\/\\\/www.hfmvintage.fr\\\/contacts\\\/\"]}]},{\"@type\":\"BreadcrumbList\",\"@id\":\"https:\\\/\\\/www.hfmvintage.fr\\\/contacts\\\/#breadcrumb\",\"itemListElement\":[{\"@type\":\"ListItem\",\"position\":1,\"name\":\"Accueil\",\"item\":\"https:\\\/\\\/www.hfmvintage.fr\\\/\"},{\"@type\":\"ListItem\",\"position\":2,\"name\":\"Contacts\"}]},{\"@type\":\"WebSite\",\"@id\":\"https:\\\/\\\/www.hfmvintage.fr\\\/#website\",\"url\":\"https:\\\/\\\/www.hfmvintage.fr\\\/\",\"name\":\"HFM Vintage\",\"description\":\"Achat, vente et r\u00e9paration de mat\u00e9riels audio et HiFi vintage\",\"publisher\":{\"@id\":\"https:\\\/\\\/www.hfmvintage.fr\\\/#organization\"},\"potentialAction\":[{\"@type\":\"SearchAction\",\"target\":{\"@type\":\"EntryPoint\",\"urlTemplate\":\"https:\\\/\\\/www.hfmvintage.fr\\\/?s={search_term_string}\"},\"query-input\":{\"@type\":\"PropertyValueSpecification\",\"valueRequired\":true,\"valueName\":\"search_term_string\"}}],\"inLanguage\":\"en-GB\"},{\"@type\":\"Organization\",\"@id\":\"https:\\\/\\\/www.hfmvintage.fr\\\/#organization\",\"name\":\"HFM Vintage\",\"alternateName\":\"HFM Vintage\",\"url\":\"https:\\\/\\\/www.hfmvintage.fr\\\/\",\"logo\":{\"@type\":\"ImageObject\",\"inLanguage\":\"en-GB\",\"@id\":\"https:\\\/\\\/www.hfmvintage.fr\\\/#\\\/schema\\\/logo\\\/image\\\/\",\"url\":\"https:\\\/\\\/www.hfmvintage.fr\\\/wp-content\\\/uploads\\\/2026\\\/05\\\/Logo-HFM.png\",\"contentUrl\":\"https:\\\/\\\/www.hfmvintage.fr\\\/wp-content\\\/uploads\\\/2026\\\/05\\\/Logo-HFM.png\",\"width\":490,\"height\":550,\"caption\":\"HFM Vintage\"},\"image\":{\"@id\":\"https:\\\/\\\/www.hfmvintage.fr\\\/#\\\/schema\\\/logo\\\/image\\\/\"},\"sameAs\":[\"https:\\\/\\\/www.instagram.com\\\/hfm_vintage?igsh=djRocWlj0DN6eHd6\"]}]}<\/script>\n<!-- \/ Yoast SEO plugin. -->","yoast_head_json":{"title":"Contacts - HFM Vintage","robots":{"index":"index","follow":"follow","max-snippet":"max-snippet:-1","max-image-preview":"max-image-preview:large","max-video-preview":"max-video-preview:-1"},"canonical":"https:\/\/www.hfmvintage.fr\/en\/contacts\/","og_locale":"en_GB","og_type":"article","og_title":"Contacts - HFM Vintage","og_description":"Une question, un projet, une demande d&rsquo;estimation ou de r\u00e9paration ? HFM Vintage est \u00e0 votre \u00e9coute pour vous accompagner [&hellip;]","og_url":"https:\/\/www.hfmvintage.fr\/en\/contacts\/","og_site_name":"HFM Vintage","article_modified_time":"2026-05-11T10:32:36+00:00","og_image":[{"width":490,"height":550,"url":"https:\/\/www.hfmvintage.fr\/wp-content\/uploads\/2026\/05\/Logo-HFM.png","type":"image\/png"}],"twitter_card":"summary_large_image","schema":{"@context":"https:\/\/schema.org","@graph":[{"@type":"WebPage","@id":"https:\/\/www.hfmvintage.fr\/contacts\/","url":"https:\/\/www.hfmvintage.fr\/contacts\/","name":"Contacts - HFM Vintage","isPartOf":{"@id":"https:\/\/www.hfmvintage.fr\/#website"},"datePublished":"2026-05-11T10:30:30+00:00","dateModified":"2026-05-11T10:32:36+00:00","breadcrumb":{"@id":"https:\/\/www.hfmvintage.fr\/contacts\/#breadcrumb"},"inLanguage":"en-GB","potentialAction":[{"@type":"ReadAction","target":["https:\/\/www.hfmvintage.fr\/contacts\/"]}]},{"@type":"BreadcrumbList","@id":"https:\/\/www.hfmvintage.fr\/contacts\/#breadcrumb","itemListElement":[{"@type":"ListItem","position":1,"name":"Accueil","item":"https:\/\/www.hfmvintage.fr\/"},{"@type":"ListItem","position":2,"name":"Contacts"}]},{"@type":"WebSite","@id":"https:\/\/www.hfmvintage.fr\/#website","url":"https:\/\/www.hfmvintage.fr\/","name":"HFM Vintage","description":"Achat, vente et r\u00e9paration de mat\u00e9riels audio et HiFi vintage","publisher":{"@id":"https:\/\/www.hfmvintage.fr\/#organization"},"potentialAction":[{"@type":"SearchAction","target":{"@type":"EntryPoint","urlTemplate":"https:\/\/www.hfmvintage.fr\/?s={search_term_string}"},"query-input":{"@type":"PropertyValueSpecification","valueRequired":true,"valueName":"search_term_string"}}],"inLanguage":"en-GB"},{"@type":"Organization","@id":"https:\/\/www.hfmvintage.fr\/#organization","name":"HFM Vintage","alternateName":"HFM Vintage","url":"https:\/\/www.hfmvintage.fr\/","logo":{"@type":"ImageObject","inLanguage":"en-GB","@id":"https:\/\/www.hfmvintage.fr\/#\/schema\/logo\/image\/","url":"https:\/\/www.hfmvintage.fr\/wp-content\/uploads\/2026\/05\/Logo-HFM.png","contentUrl":"https:\/\/www.hfmvintage.fr\/wp-content\/uploads\/2026\/05\/Logo-HFM.png","width":490,"height":550,"caption":"HFM Vintage"},"image":{"@id":"https:\/\/www.hfmvintage.fr\/#\/schema\/logo\/image\/"},"sameAs":["https:\/\/www.instagram.com\/hfm_vintage?igsh=djRocWlj0DN6eHd6"]}]}},"_links":{"self":[{"href":"https:\/\/www.hfmvintage.fr\/en\/wp-json\/wp\/v2\/pages\/153","targetHints":{"allow":["GET"]}}],"collection":[{"href":"https:\/\/www.hfmvintage.fr\/en\/wp-json\/wp\/v2\/pages"}],"about":[{"href":"https:\/\/www.hfmvintage.fr\/en\/wp-json\/wp\/v2\/types\/page"}],"author":[{"embeddable":true,"href":"https:\/\/www.hfmvintage.fr\/en\/wp-json\/wp\/v2\/users\/1"}],"replies":[{"embeddable":true,"href":"https:\/\/www.hfmvintage.fr\/en\/wp-json\/wp\/v2\/comments?post=153"}],"version-history":[{"count":4,"href":"https:\/\/www.hfmvintage.fr\/en\/wp-json\/wp\/v2\/pages\/153\/revisions"}],"predecessor-version":[{"id":158,"href":"https:\/\/www.hfmvintage.fr\/en\/wp-json\/wp\/v2\/pages\/153\/revisions\/158"}],"wp:attachment":[{"href":"https:\/\/www.hfmvintage.fr\/en\/wp-json\/wp\/v2\/media?parent=153"}],"curies":[{"name":"wp","href":"https:\/\/api.w.org\/{rel}","templated":true}]}}